{"id":424,"date":"2018-08-23T20:04:03","date_gmt":"2018-08-23T19:04:03","guid":{"rendered":"https:\/\/vee.vivreetlecrire.fr\/?page_id=424"},"modified":"2025-01-25T13:31:08","modified_gmt":"2025-01-25T12:31:08","slug":"liens-vers-des-amis","status":"publish","type":"page","link":"https:\/\/vee.vivreetlecrire.fr\/index.php\/le-conservatoire-des-ecrits\/liens-vers-des-amis\/","title":{"rendered":"Liens vers des sites amis"},"content":{"rendered":"<p>Association pour l&rsquo;autobiographie et le patrimoine autobiographique &#8211; APA &#8211; fond\u00e9e par Philippe Lejeune<\/p>\n<p><a href=\"http:\/\/autobiographie.sitapa.org\" target=\"_blank\" rel=\"noopener noreferrer\">http:\/\/autobiographie.sitapa.org<\/a><\/p>\n<p>Le premier objectif de l\u2019APA est d\u2019assurer <strong>la collecte, la conservation et la mise \u00e0 disposition de textes autobiographiques in\u00e9dits <\/strong>r\u00e9dig\u00e9s par des personnes de tous milieux sociaux.<\/p>\n<p>L&rsquo;Harmattan, o\u00f9 vous trouverez tous les ouvrages publi\u00e9s dans les deux collections dirig\u00e9es par V2E, \u00ab\u00a0Vivre et l&rsquo;\u00e9crire\u00a0\u00bb et \u00ab\u00a0Aux marges de l&rsquo;\u00e9criture\u00a0\u00bb<\/p>\n<p><a href=\"https:\/\/www.editions-harmattan.fr\" target=\"_blank\" rel=\"noopener noreferrer\">https:\/\/www.editions-harmattan.fr<\/a><\/p>\n\n\n<p><\/p>\n\n\n\n<p>Vitalit\u00e9 Rurale, <\/p>\n\n\n\n<p>Association pour la promotion de la ruralit\u00e9. Elle met en avant des acteurs de territoire : culture, animations, d\u00e9veloppement \u00e9conomique, patrimoine. V2E participe aux salons du livre qu&rsquo;elle organise en r\u00e9gion Centre.<\/p>\n\n\n\n<p><\/p>\n\n\n\n<p><a href=\"https:\/\/www.facebook.com\/groups\/3977387392325487\">https:\/\/www.facebook.com\/groups\/3977387392325487<\/a><\/p>\n\n\n\n<p><\/p>\n","protected":false},"excerpt":{"rendered":"<p>Association pour l&rsquo;autobiographie et le patrimoine autobiographique &#8211; APA &#8211; fond\u00e9e par Philippe Lejeune http:\/\/autobiographie.sitapa.org Le premier objectif de l\u2019APA est d\u2019assurer la collecte, la conservation et la mise \u00e0 disposition de textes autobiographiques in\u00e9dits r\u00e9dig\u00e9s par des personnes de tous milieux sociaux. L&rsquo;Harmattan, o\u00f9 vous trouverez tous les ouvrages publi\u00e9s dans les deux collections&hellip;&nbsp;<a href=\"https:\/\/vee.vivreetlecrire.fr\/index.php\/le-conservatoire-des-ecrits\/liens-vers-des-amis\/\" rel=\"bookmark\">Lire la suite &raquo;<span class=\"screen-reader-text\">Liens vers des sites amis<\/span><\/a><\/p>\n","protected":false},"author":2,"featured_media":0,"parent":13,"menu_order":0,"comment_status":"closed","ping_status":"closed","template":"","meta":{"neve_meta_sidebar":"","neve_meta_container":"","neve_meta_enable_content_width":"off","neve_meta_content_width":0,"neve_meta_title_alignment":"","neve_meta_author_avatar":"","neve_post_elements_order":"","neve_meta_disable_header":"","neve_meta_disable_footer":"","neve_meta_disable_title":"","_themeisle_gutenberg_block_has_review":false,"footnotes":""},"class_list":["post-424","page","type-page","status-publish","hentry"],"_links":{"self":[{"href":"https:\/\/vee.vivreetlecrire.fr\/index.php\/wp-json\/wp\/v2\/pages\/424","targetHints":{"allow":["GET"]}}],"collection":[{"href":"https:\/\/vee.vivreetlecrire.fr\/index.php\/wp-json\/wp\/v2\/pages"}],"about":[{"href":"https:\/\/vee.vivreetlecrire.fr\/index.php\/wp-json\/wp\/v2\/types\/page"}],"author":[{"embeddable":true,"href":"https:\/\/vee.vivreetlecrire.fr\/index.php\/wp-json\/wp\/v2\/users\/2"}],"replies":[{"embeddable":true,"href":"https:\/\/vee.vivreetlecrire.fr\/index.php\/wp-json\/wp\/v2\/comments?post=424"}],"version-history":[{"count":3,"href":"https:\/\/vee.vivreetlecrire.fr\/index.php\/wp-json\/wp\/v2\/pages\/424\/revisions"}],"predecessor-version":[{"id":1283,"href":"https:\/\/vee.vivreetlecrire.fr\/index.php\/wp-json\/wp\/v2\/pages\/424\/revisions\/1283"}],"up":[{"embeddable":true,"href":"https:\/\/vee.vivreetlecrire.fr\/index.php\/wp-json\/wp\/v2\/pages\/13"}],"wp:attachment":[{"href":"https:\/\/vee.vivreetlecrire.fr\/index.php\/wp-json\/wp\/v2\/media?parent=424"}],"curies":[{"name":"wp","href":"https:\/\/api.w.org\/{rel}","templated":true}]}}