{"id":2,"date":"2016-06-20T23:58:26","date_gmt":"2016-06-20T22:58:26","guid":{"rendered":"https:\/\/vee.vivreetlecrire.fr\/?page_id=2"},"modified":"2016-06-21T00:36:50","modified_gmt":"2016-06-20T23:36:50","slug":"page-d-exemple","status":"publish","type":"page","link":"https:\/\/vee.vivreetlecrire.fr\/index.php\/page-d-exemple\/","title":{"rendered":"Accueil"},"content":{"rendered":"<p>Accueil<br \/>\nQui sommes-nous (les missions, l\u2019histoire, les valeurs)<\/p>\n<p>Actualit\u00e9s<\/p>\n<p>L\u2019\u00e9dition<br \/>\nLa lecture des manuscrits<br \/>\nLa d\u00e9cision d\u2019\u00e9diter<br \/>\nLes conditions<\/p>\n<p>Le conservatoire des \u00e9crits<\/p>\n<p>Publications<br \/>\nLes derniers livres sortis<br \/>\nLe catalogue de livres<\/p>\n<p>\u00c9v\u00e9nements<\/p>\n<p>Contact<\/p>\n<p>VEF (pour retour vers le site de VEF)<\/p>\n","protected":false},"excerpt":{"rendered":"<p>Accueil Qui sommes-nous (les missions, l\u2019histoire, les valeurs) Actualit\u00e9s L\u2019\u00e9dition La lecture des manuscrits La d\u00e9cision d\u2019\u00e9diter Les conditions Le conservatoire des \u00e9crits Publications Les derniers livres sortis Le catalogue de livres \u00c9v\u00e9nements Contact VEF (pour retour vers le site de VEF)<\/p>\n","protected":false},"author":2,"featured_media":0,"parent":0,"menu_order":0,"comment_status":"closed","ping_status":"open","template":"","meta":{"neve_meta_sidebar":"","neve_meta_container":"","neve_meta_enable_content_width":"","neve_meta_content_width":0,"neve_meta_title_alignment":"","neve_meta_author_avatar":"","neve_post_elements_order":"","neve_meta_disable_header":"","neve_meta_disable_footer":"","neve_meta_disable_title":"","_themeisle_gutenberg_block_has_review":false,"footnotes":""},"class_list":["post-2","page","type-page","status-publish","hentry"],"_links":{"self":[{"href":"https:\/\/vee.vivreetlecrire.fr\/index.php\/wp-json\/wp\/v2\/pages\/2","targetHints":{"allow":["GET"]}}],"collection":[{"href":"https:\/\/vee.vivreetlecrire.fr\/index.php\/wp-json\/wp\/v2\/pages"}],"about":[{"href":"https:\/\/vee.vivreetlecrire.fr\/index.php\/wp-json\/wp\/v2\/types\/page"}],"author":[{"embeddable":true,"href":"https:\/\/vee.vivreetlecrire.fr\/index.php\/wp-json\/wp\/v2\/users\/2"}],"replies":[{"embeddable":true,"href":"https:\/\/vee.vivreetlecrire.fr\/index.php\/wp-json\/wp\/v2\/comments?post=2"}],"version-history":[{"count":1,"href":"https:\/\/vee.vivreetlecrire.fr\/index.php\/wp-json\/wp\/v2\/pages\/2\/revisions"}],"predecessor-version":[{"id":6,"href":"https:\/\/vee.vivreetlecrire.fr\/index.php\/wp-json\/wp\/v2\/pages\/2\/revisions\/6"}],"wp:attachment":[{"href":"https:\/\/vee.vivreetlecrire.fr\/index.php\/wp-json\/wp\/v2\/media?parent=2"}],"curies":[{"name":"wp","href":"https:\/\/api.w.org\/{rel}","templated":true}]}}