{"id":1327,"date":"2025-06-23T12:43:33","date_gmt":"2025-06-23T11:43:33","guid":{"rendered":"https:\/\/vee.vivreetlecrire.fr\/?page_id=1327"},"modified":"2025-06-23T12:54:25","modified_gmt":"2025-06-23T11:54:25","slug":"la-vie-de-votre-manuscrit-confie-a-v2e","status":"publish","type":"page","link":"https:\/\/vee.vivreetlecrire.fr\/index.php\/ledition\/lenvoi-et-la-lecture-des-manuscrits\/la-vie-de-votre-manuscrit-confie-a-v2e\/","title":{"rendered":"La vie de votre manuscrit confi\u00e9 \u00e0 V2E"},"content":{"rendered":"<p>Vous vous demandez ce que deviendra votre \u00e9crit si vous le confiez \u00e0 V2E ? Voici le chemin qu&rsquo;il va prendre&#8230;<\/p>\n<figure id=\"attachment_1322\" aria-describedby=\"caption-attachment-1322\" style=\"width: 500px\" class=\"wp-caption alignleft\"><a href=\"https:\/\/vee.vivreetlecrire.fr\/wp-content\/uploads\/2025\/06\/Schema-edition-2024-10-10.png\" target=\"_blank\" rel=\"noopener\"><img loading=\"lazy\" decoding=\"async\" class=\"wp-image-1322 size-large\" src=\"https:\/\/vee.vivreetlecrire.fr\/wp-content\/uploads\/2025\/06\/Schema-edition-2024-10-10-500x700.png\" alt=\"\" width=\"500\" height=\"700\" srcset=\"https:\/\/vee.vivreetlecrire.fr\/wp-content\/uploads\/2025\/06\/Schema-edition-2024-10-10-500x700.png 500w, https:\/\/vee.vivreetlecrire.fr\/wp-content\/uploads\/2025\/06\/Schema-edition-2024-10-10-214x300.png 214w, https:\/\/vee.vivreetlecrire.fr\/wp-content\/uploads\/2025\/06\/Schema-edition-2024-10-10-768x1076.png 768w, https:\/\/vee.vivreetlecrire.fr\/wp-content\/uploads\/2025\/06\/Schema-edition-2024-10-10-1097x1536.png 1097w, https:\/\/vee.vivreetlecrire.fr\/wp-content\/uploads\/2025\/06\/Schema-edition-2024-10-10-1462x2048.png 1462w\" sizes=\"auto, (max-width: 500px) 100vw, 500px\" \/><\/a><figcaption id=\"caption-attachment-1322\" class=\"wp-caption-text\">Le parcours d&rsquo;un manuscrit \u00e0 Vivre et l&rsquo;\u00e9crire \u00e9ditions V2E VEE<\/figcaption><\/figure>\n","protected":false},"excerpt":{"rendered":"<p>Vous vous demandez ce que deviendra votre \u00e9crit si vous le confiez \u00e0 V2E ? Voici le chemin qu&rsquo;il va prendre&#8230;<\/p>\n","protected":false},"author":2,"featured_media":0,"parent":48,"menu_order":1,"comment_status":"closed","ping_status":"closed","template":"","meta":{"neve_meta_sidebar":"","neve_meta_container":"","neve_meta_enable_content_width":"off","neve_meta_content_width":100,"neve_meta_title_alignment":"","neve_meta_author_avatar":"","neve_post_elements_order":"","neve_meta_disable_header":"","neve_meta_disable_footer":"","neve_meta_disable_title":"","_themeisle_gutenberg_block_has_review":false,"footnotes":""},"class_list":["post-1327","page","type-page","status-publish","hentry"],"_links":{"self":[{"href":"https:\/\/vee.vivreetlecrire.fr\/index.php\/wp-json\/wp\/v2\/pages\/1327","targetHints":{"allow":["GET"]}}],"collection":[{"href":"https:\/\/vee.vivreetlecrire.fr\/index.php\/wp-json\/wp\/v2\/pages"}],"about":[{"href":"https:\/\/vee.vivreetlecrire.fr\/index.php\/wp-json\/wp\/v2\/types\/page"}],"author":[{"embeddable":true,"href":"https:\/\/vee.vivreetlecrire.fr\/index.php\/wp-json\/wp\/v2\/users\/2"}],"replies":[{"embeddable":true,"href":"https:\/\/vee.vivreetlecrire.fr\/index.php\/wp-json\/wp\/v2\/comments?post=1327"}],"version-history":[{"count":1,"href":"https:\/\/vee.vivreetlecrire.fr\/index.php\/wp-json\/wp\/v2\/pages\/1327\/revisions"}],"predecessor-version":[{"id":1328,"href":"https:\/\/vee.vivreetlecrire.fr\/index.php\/wp-json\/wp\/v2\/pages\/1327\/revisions\/1328"}],"up":[{"embeddable":true,"href":"https:\/\/vee.vivreetlecrire.fr\/index.php\/wp-json\/wp\/v2\/pages\/48"}],"wp:attachment":[{"href":"https:\/\/vee.vivreetlecrire.fr\/index.php\/wp-json\/wp\/v2\/media?parent=1327"}],"curies":[{"name":"wp","href":"https:\/\/api.w.org\/{rel}","templated":true}]}}