{"id":121,"date":"2016-10-06T21:05:18","date_gmt":"2016-10-06T20:05:18","guid":{"rendered":"https:\/\/vee.vivreetlecrire.fr\/?page_id=121"},"modified":"2025-11-20T15:05:15","modified_gmt":"2025-11-20T14:05:15","slug":"liste-des-auteurs-edites-par-v2e","status":"publish","type":"page","link":"https:\/\/vee.vivreetlecrire.fr\/index.php\/publications\/liste-des-auteurs-edites-par-v2e\/","title":{"rendered":"Liste des auteurs \u00e9dit\u00e9s par V2E"},"content":{"rendered":"<p>Le fichier joint contient la liste des auteurs \u00e9dit\u00e9s par V2E et les titres de leurs ouvrages, ainsi que leur d\u00e9partement.<\/p>\n<p>Vous cherchez un auteur de V2E ? un titre de V2E ? La r\u00e9ponse est ici :<\/p>\n<p><a href=\"https:\/\/vee.vivreetlecrire.fr\/wp-content\/uploads\/2025\/11\/liste_auteurs_titres_VEE.xlsx\" data-wplink-edit=\"true\">liste_auteurs_titres_VEE<\/a><\/p>\n<p><em>(N.-B. : cette liste ne comporte que les auteurs de livres individuels ; les livres collectifs n&rsquo;y figurent donc pas.)<\/em><\/p>\n\n\n<p><\/p>\n","protected":false},"excerpt":{"rendered":"<p>Le fichier joint contient la liste des auteurs \u00e9dit\u00e9s par V2E et les titres de leurs ouvrages, ainsi que leur d\u00e9partement. Vous cherchez un auteur de V2E ? un titre de V2E ? La r\u00e9ponse est ici : liste_auteurs_titres_VEE (N.-B. : cette liste ne comporte que les auteurs de livres individuels ; les livres collectifs&hellip;&nbsp;<a href=\"https:\/\/vee.vivreetlecrire.fr\/index.php\/publications\/liste-des-auteurs-edites-par-v2e\/\" rel=\"bookmark\">Lire la suite &raquo;<span class=\"screen-reader-text\">Liste des auteurs \u00e9dit\u00e9s par V2E<\/span><\/a><\/p>\n","protected":false},"author":2,"featured_media":0,"parent":15,"menu_order":0,"comment_status":"closed","ping_status":"closed","template":"","meta":{"neve_meta_sidebar":"","neve_meta_container":"","neve_meta_enable_content_width":"","neve_meta_content_width":0,"neve_meta_title_alignment":"","neve_meta_author_avatar":"","neve_post_elements_order":"","neve_meta_disable_header":"","neve_meta_disable_footer":"","neve_meta_disable_title":"","_themeisle_gutenberg_block_has_review":false,"footnotes":""},"class_list":["post-121","page","type-page","status-publish","hentry"],"_links":{"self":[{"href":"https:\/\/vee.vivreetlecrire.fr\/index.php\/wp-json\/wp\/v2\/pages\/121","targetHints":{"allow":["GET"]}}],"collection":[{"href":"https:\/\/vee.vivreetlecrire.fr\/index.php\/wp-json\/wp\/v2\/pages"}],"about":[{"href":"https:\/\/vee.vivreetlecrire.fr\/index.php\/wp-json\/wp\/v2\/types\/page"}],"author":[{"embeddable":true,"href":"https:\/\/vee.vivreetlecrire.fr\/index.php\/wp-json\/wp\/v2\/users\/2"}],"replies":[{"embeddable":true,"href":"https:\/\/vee.vivreetlecrire.fr\/index.php\/wp-json\/wp\/v2\/comments?post=121"}],"version-history":[{"count":3,"href":"https:\/\/vee.vivreetlecrire.fr\/index.php\/wp-json\/wp\/v2\/pages\/121\/revisions"}],"predecessor-version":[{"id":1363,"href":"https:\/\/vee.vivreetlecrire.fr\/index.php\/wp-json\/wp\/v2\/pages\/121\/revisions\/1363"}],"up":[{"embeddable":true,"href":"https:\/\/vee.vivreetlecrire.fr\/index.php\/wp-json\/wp\/v2\/pages\/15"}],"wp:attachment":[{"href":"https:\/\/vee.vivreetlecrire.fr\/index.php\/wp-json\/wp\/v2\/media?parent=121"}],"curies":[{"name":"wp","href":"https:\/\/api.w.org\/{rel}","templated":true}]}}